{"id":300,"date":"2022-08-20T23:23:40","date_gmt":"2022-08-20T23:23:40","guid":{"rendered":"https:\/\/medexperience.net\/?page_id=300"},"modified":"2022-11-03T21:39:14","modified_gmt":"2022-11-03T21:39:14","slug":"chi-siamo","status":"publish","type":"page","link":"https:\/\/medexperience.net\/fr\/chi-siamo\/","title":{"rendered":"Qui sommes-nous ?"},"content":{"rendered":"<p>MedExperience est n\u00e9 entre la mer bleue des Bouches de Bonifacio et l\u2019asp\u00e9rit\u00e9 des montagnes ligures en passant des technologies les plus innovantes \u00e0 la passion la plus authentique.<\/p>\n<p>MedExperience est un projet de collaboration entre entreprises italiennes et fran\u00e7aises, qui valorise les excellences des territoires o\u00f9 elles op\u00e8rent et les exp\u00e9riences uniques qu\u2019elles peuvent offrir. Il vise aussi \u00e0 d\u00e9velopper de nouvelles synergies qui renforcent l\u2019action commune et instaurer des comp\u00e9tences et des connaissances.<\/p>\n<p>Le projet se concentre sur les domaines prioritaires du tourisme durable et de la communaut\u00e9 et du territoire, impliquant diff\u00e9rentes r\u00e9gions du haut de la M\u00e9diterran\u00e9e\u00a0: R\u00e9gion Sud (Provence, Alpes ,C\u00f4te d\u2019Azur), Ligurie, C\u00f4te Toscane, Sardaigne et Corse.<\/p>\n<p>MedExperience est n\u00e9 gr\u00e2ce au projet COCCOD\u00c9 du programme Interreg Marittimo Italie-France.<\/p>\n<p><img loading=\"lazy\" decoding=\"async\" class=\"aligncenter size-large wp-image-611\" src=\"https:\/\/medexperience.net\/wp-content\/uploads\/2022\/08\/logo_COCCODE_Interreg-1200x285.jpg\" alt=\"\" width=\"1200\" height=\"285\" srcset=\"https:\/\/medexperience.net\/wp-content\/uploads\/2022\/08\/logo_COCCODE_Interreg-1200x285.jpg 1200w, https:\/\/medexperience.net\/wp-content\/uploads\/2022\/08\/logo_COCCODE_Interreg-600x143.jpg 600w, https:\/\/medexperience.net\/wp-content\/uploads\/2022\/08\/logo_COCCODE_Interreg-768x182.jpg 768w, https:\/\/medexperience.net\/wp-content\/uploads\/2022\/08\/logo_COCCODE_Interreg-1536x365.jpg 1536w, https:\/\/medexperience.net\/wp-content\/uploads\/2022\/08\/logo_COCCODE_Interreg-2048x487.jpg 2048w\" sizes=\"auto, (max-width: 1200px) 100vw, 1200px\" \/><\/p>\n","protected":false},"excerpt":{"rendered":"<p>MedExperience est n\u00e9 entre la mer bleue des Bouches de Bonifacio et l\u2019asp\u00e9rit\u00e9 des montagnes&hellip;<\/p>\n<p><a class=\"uk-button uk-button-primary uk-button-small\" href=\"https:\/\/medexperience.net\/fr\/chi-siamo\/\">Voir plus<\/a><\/p>\n","protected":false},"author":1,"featured_media":0,"parent":0,"menu_order":0,"comment_status":"closed","ping_status":"closed","template":"","meta":{"_acf_changed":false,"footnotes":""},"class_list":["post-300","page","type-page","status-publish","hentry"],"translation":{"provider":"WPGlobus","version":"3.0.1","language":"fr","enabled_languages":["it","fr"],"languages":{"it":{"title":true,"content":true,"excerpt":false},"fr":{"title":true,"content":true,"excerpt":false}}},"acf":[],"yoast_head":"<!-- This site is optimized with the Yoast SEO plugin v26.7 - https:\/\/yoast.com\/wordpress\/plugins\/seo\/ -->\n<title>Qui sommes-nous ? - MedExperience<\/title>\n<meta name=\"robots\" content=\"index, follow, max-snippet:-1, max-image-preview:large, max-video-preview:-1\" \/>\n<link rel=\"canonical\" href=\"https:\/\/medexperience.net\/chi-siamo\/\" \/>\n<meta property=\"og:locale\" content=\"fr_FR\" \/>\n<meta property=\"og:type\" content=\"article\" \/>\n<meta property=\"og:title\" content=\"Qui sommes-nous ? - MedExperience\" \/>\n<meta property=\"og:url\" content=\"https:\/\/medexperience.net\/chi-siamo\/\" \/>\n<meta property=\"og:site_name\" content=\"MedExperience\" \/>\n<meta property=\"article:modified_time\" content=\"2022-11-03T21:39:14+00:00\" \/>\n<meta property=\"og:image\" content=\"https:\/\/medexperience.net\/wp-content\/uploads\/2022\/08\/logo_COCCODE_Interreg-1200x285.jpg\" \/>\n<meta name=\"twitter:card\" content=\"summary_large_image\" \/>\n<script type=\"application\/ld+json\" class=\"yoast-schema-graph\">{\"@context\":\"https:\/\/schema.org\",\"@graph\":[{\"@type\":\"WebPage\",\"@id\":\"https:\/\/medexperience.net\/chi-siamo\/\",\"url\":\"https:\/\/medexperience.net\/chi-siamo\/\",\"name\":\"Qui sommes-nous ? - MedExperience\",\"isPartOf\":{\"@id\":\"https:\/\/medexperience.net\/#website\"},\"primaryImageOfPage\":{\"@id\":\"https:\/\/medexperience.net\/chi-siamo\/#primaryimage\"},\"image\":{\"@id\":\"https:\/\/medexperience.net\/chi-siamo\/#primaryimage\"},\"thumbnailUrl\":\"https:\/\/medexperience.net\/wp-content\/uploads\/2022\/08\/logo_COCCODE_Interreg-1200x285.jpg\",\"datePublished\":\"2022-08-20T23:23:40+00:00\",\"dateModified\":\"2022-11-03T21:39:14+00:00\",\"breadcrumb\":{\"@id\":\"https:\/\/medexperience.net\/chi-siamo\/#breadcrumb\"},\"inLanguage\":\"fr-FR\",\"potentialAction\":[{\"@type\":\"ReadAction\",\"target\":[\"https:\/\/medexperience.net\/chi-siamo\/\"]}]},{\"@type\":\"ImageObject\",\"inLanguage\":\"fr-FR\",\"@id\":\"https:\/\/medexperience.net\/chi-siamo\/#primaryimage\",\"url\":\"https:\/\/medexperience.net\/wp-content\/uploads\/2022\/08\/logo_COCCODE_Interreg-1200x285.jpg\",\"contentUrl\":\"https:\/\/medexperience.net\/wp-content\/uploads\/2022\/08\/logo_COCCODE_Interreg-1200x285.jpg\"},{\"@type\":\"BreadcrumbList\",\"@id\":\"https:\/\/medexperience.net\/chi-siamo\/#breadcrumb\",\"itemListElement\":[{\"@type\":\"ListItem\",\"position\":1,\"name\":\"Home\",\"item\":\"https:\/\/medexperience.net\/\"},{\"@type\":\"ListItem\",\"position\":2,\"name\":\"Chi Siamo\"}]},{\"@type\":\"WebSite\",\"@id\":\"https:\/\/medexperience.net\/#website\",\"url\":\"https:\/\/medexperience.net\/\",\"name\":\"MedExperience\",\"description\":\"MedExperience\",\"potentialAction\":[{\"@type\":\"SearchAction\",\"target\":{\"@type\":\"EntryPoint\",\"urlTemplate\":\"https:\/\/medexperience.net\/?s={search_term_string}\"},\"query-input\":{\"@type\":\"PropertyValueSpecification\",\"valueRequired\":true,\"valueName\":\"search_term_string\"}}],\"inLanguage\":\"fr-FR\"}]}<\/script>\n<!-- \/ Yoast SEO plugin. -->","yoast_head_json":{"title":"Qui sommes-nous ? - MedExperience","robots":{"index":"index","follow":"follow","max-snippet":"max-snippet:-1","max-image-preview":"max-image-preview:large","max-video-preview":"max-video-preview:-1"},"canonical":"https:\/\/medexperience.net\/chi-siamo\/","og_locale":"fr_FR","og_type":"article","og_title":"Qui sommes-nous ? - MedExperience","og_url":"https:\/\/medexperience.net\/chi-siamo\/","og_site_name":"MedExperience","article_modified_time":"2022-11-03T21:39:14+00:00","og_image":[{"url":"https:\/\/medexperience.net\/wp-content\/uploads\/2022\/08\/logo_COCCODE_Interreg-1200x285.jpg","type":"","width":"","height":""}],"twitter_card":"summary_large_image","schema":{"@context":"https:\/\/schema.org","@graph":[{"@type":"WebPage","@id":"https:\/\/medexperience.net\/chi-siamo\/","url":"https:\/\/medexperience.net\/chi-siamo\/","name":"Qui sommes-nous ? - MedExperience","isPartOf":{"@id":"https:\/\/medexperience.net\/#website"},"primaryImageOfPage":{"@id":"https:\/\/medexperience.net\/chi-siamo\/#primaryimage"},"image":{"@id":"https:\/\/medexperience.net\/chi-siamo\/#primaryimage"},"thumbnailUrl":"https:\/\/medexperience.net\/wp-content\/uploads\/2022\/08\/logo_COCCODE_Interreg-1200x285.jpg","datePublished":"2022-08-20T23:23:40+00:00","dateModified":"2022-11-03T21:39:14+00:00","breadcrumb":{"@id":"https:\/\/medexperience.net\/chi-siamo\/#breadcrumb"},"inLanguage":"fr-FR","potentialAction":[{"@type":"ReadAction","target":["https:\/\/medexperience.net\/chi-siamo\/"]}]},{"@type":"ImageObject","inLanguage":"fr-FR","@id":"https:\/\/medexperience.net\/chi-siamo\/#primaryimage","url":"https:\/\/medexperience.net\/wp-content\/uploads\/2022\/08\/logo_COCCODE_Interreg-1200x285.jpg","contentUrl":"https:\/\/medexperience.net\/wp-content\/uploads\/2022\/08\/logo_COCCODE_Interreg-1200x285.jpg"},{"@type":"BreadcrumbList","@id":"https:\/\/medexperience.net\/chi-siamo\/#breadcrumb","itemListElement":[{"@type":"ListItem","position":1,"name":"Home","item":"https:\/\/medexperience.net\/"},{"@type":"ListItem","position":2,"name":"Chi Siamo"}]},{"@type":"WebSite","@id":"https:\/\/medexperience.net\/#website","url":"https:\/\/medexperience.net\/","name":"MedExperience","description":"MedExperience","potentialAction":[{"@type":"SearchAction","target":{"@type":"EntryPoint","urlTemplate":"https:\/\/medexperience.net\/?s={search_term_string}"},"query-input":{"@type":"PropertyValueSpecification","valueRequired":true,"valueName":"search_term_string"}}],"inLanguage":"fr-FR"}]}},"_links":{"self":[{"href":"https:\/\/medexperience.net\/fr\/wp-json\/wp\/v2\/pages\/300","targetHints":{"allow":["GET"]}}],"collection":[{"href":"https:\/\/medexperience.net\/fr\/wp-json\/wp\/v2\/pages"}],"about":[{"href":"https:\/\/medexperience.net\/fr\/wp-json\/wp\/v2\/types\/page"}],"author":[{"embeddable":true,"href":"https:\/\/medexperience.net\/fr\/wp-json\/wp\/v2\/users\/1"}],"replies":[{"embeddable":true,"href":"https:\/\/medexperience.net\/fr\/wp-json\/wp\/v2\/comments?post=300"}],"version-history":[{"count":8,"href":"https:\/\/medexperience.net\/fr\/wp-json\/wp\/v2\/pages\/300\/revisions"}],"predecessor-version":[{"id":865,"href":"https:\/\/medexperience.net\/fr\/wp-json\/wp\/v2\/pages\/300\/revisions\/865"}],"wp:attachment":[{"href":"https:\/\/medexperience.net\/fr\/wp-json\/wp\/v2\/media?parent=300"}],"curies":[{"name":"wp","href":"https:\/\/api.w.org\/{rel}","templated":true}]}}