{"id":311,"date":"2022-08-20T23:26:37","date_gmt":"2022-08-20T23:26:37","guid":{"rendered":"https:\/\/medexperience.net\/?page_id=311"},"modified":"2022-11-02T21:24:34","modified_gmt":"2022-11-02T21:24:34","slug":"medexperience-smart","status":"publish","type":"page","link":"https:\/\/medexperience.net\/fr\/medexperience-smart\/","title":{"rendered":"MedExperience SMART"},"content":{"rendered":"<p>Il existe des lieux qui racontent <strong>des histoires uniques<\/strong>, ouvrent des fen\u00eatres sur des temps lointains et font ressentir des \u00e9motions intenses. Pour les d\u00e9couvrir, il ne suffit pas de les visiter, il faut s\u2019y plonger, se les approprier et les observer avec curiosit\u00e9.<\/p>\n<p><strong>MedExperience<\/strong> veut promouvoir cette philosophie \u00e0 travers des exp\u00e9riences de tourisme lent, authentique, \u00e0 vocation sociale; centr\u00e9es sur la red\u00e9couverte des traditions, la revalorisation du territoire et le respect de l\u2019environnement. Sans oublier l\u2019innovation et la technologie qui sont des aspects centraux pour rendre ces objectifs encore plus exploitables.<\/p>\n<p>Il s\u2019agit de bijoux cach\u00e9s, insolites mais accessibles \u00e0 ceux qui ont le d\u00e9sir d\u2019explorer, d\u2019aller au-del\u00e0 des sentiers battus, de faire partie en quelque sorte d\u2019une communaut\u00e9.<\/p>\n<p>L\u2019environnement et les individus se rencontrent pour se valoriser mutuellement, retrouver un contact profond et ancestral et se d\u00e9couvrir en harmonie avec de nouveaux horizons.<\/p>\n<p><strong>MedExperience SMART<\/strong> est une marque de la fili\u00e8re Territoire et Communaut\u00e9 de MedExperience. Le produit SMART est id\u00e9alement une extension naturelle du produit SLOW. Son objectif principal est de promouvoir les s\u00e9jours de longue dur\u00e9e pour les travailleurs intelligents et les nomades num\u00e9riques, en ligne avec les nouvelles tendances de consommation de ces communaut\u00e9s, pour relancer les r\u00e9alit\u00e9s locales des territoires de MedExperience. La coop\u00e9ration, la collaboration et le partage des meilleures pratiques sont au c\u0153ur de ces activit\u00e9s pour contribuer au prestige de la marque MedExperience SMART.<\/p>\n<p>La cr\u00e9ation d\u2019exp\u00e9riences SMART en collaboration avec les entreprises MedExperience s\u2019articule autour de trois axes de r\u00e9alisation possibles:<\/p>\n<ul>\n<li>L\u2019Agriturisme SMART<\/li>\n<li>Le Village SMART<\/li>\n<li>Le District SMART<\/li>\n<\/ul>\n<p>La qualit\u00e9 des espaces, la connexion rapide, l\u2019implication des institutions locales et les diff\u00e9rentes offres d\u2019activit\u00e9s et de s\u00e9jours de longue dur\u00e9e sont communes aux produits de la marque MedExperience.<\/p>\n","protected":false},"excerpt":{"rendered":"<p>Il existe des lieux qui racontent des histoires uniques, ouvrent des fen\u00eatres sur des temps&hellip;<\/p>\n<p><a class=\"uk-button uk-button-primary uk-button-small\" href=\"https:\/\/medexperience.net\/fr\/medexperience-smart\/\">Voir plus<\/a><\/p>\n","protected":false},"author":1,"featured_media":0,"parent":0,"menu_order":0,"comment_status":"closed","ping_status":"closed","template":"","meta":{"_acf_changed":false,"footnotes":""},"class_list":["post-311","page","type-page","status-publish","hentry"],"translation":{"provider":"WPGlobus","version":"3.0.1","language":"fr","enabled_languages":["it","fr"],"languages":{"it":{"title":true,"content":true,"excerpt":false},"fr":{"title":true,"content":true,"excerpt":false}}},"acf":[],"yoast_head":"<!-- This site is optimized with the Yoast SEO plugin v26.7 - https:\/\/yoast.com\/wordpress\/plugins\/seo\/ -->\n<title>MedExperience SMART - MedExperience<\/title>\n<meta name=\"robots\" content=\"index, follow, max-snippet:-1, max-image-preview:large, max-video-preview:-1\" \/>\n<link rel=\"canonical\" href=\"https:\/\/medexperience.net\/medexperience-smart\/\" \/>\n<meta property=\"og:locale\" content=\"fr_FR\" \/>\n<meta property=\"og:type\" content=\"article\" \/>\n<meta property=\"og:title\" content=\"MedExperience SMART - MedExperience\" \/>\n<meta property=\"og:url\" content=\"https:\/\/medexperience.net\/medexperience-smart\/\" \/>\n<meta property=\"og:site_name\" content=\"MedExperience\" \/>\n<meta property=\"article:modified_time\" content=\"2022-11-02T21:24:34+00:00\" \/>\n<meta name=\"twitter:card\" content=\"summary_large_image\" \/>\n<meta name=\"twitter:label1\" content=\"Dur\u00e9e de lecture estim\u00e9e\" \/>\n\t<meta name=\"twitter:data1\" content=\"2 minutes\" \/>\n<script type=\"application\/ld+json\" class=\"yoast-schema-graph\">{\"@context\":\"https:\/\/schema.org\",\"@graph\":[{\"@type\":\"WebPage\",\"@id\":\"https:\/\/medexperience.net\/medexperience-smart\/\",\"url\":\"https:\/\/medexperience.net\/medexperience-smart\/\",\"name\":\"MedExperience SMART - MedExperience\",\"isPartOf\":{\"@id\":\"https:\/\/medexperience.net\/#website\"},\"datePublished\":\"2022-08-20T23:26:37+00:00\",\"dateModified\":\"2022-11-02T21:24:34+00:00\",\"breadcrumb\":{\"@id\":\"https:\/\/medexperience.net\/medexperience-smart\/#breadcrumb\"},\"inLanguage\":\"fr-FR\",\"potentialAction\":[{\"@type\":\"ReadAction\",\"target\":[\"https:\/\/medexperience.net\/medexperience-smart\/\"]}]},{\"@type\":\"BreadcrumbList\",\"@id\":\"https:\/\/medexperience.net\/medexperience-smart\/#breadcrumb\",\"itemListElement\":[{\"@type\":\"ListItem\",\"position\":1,\"name\":\"Home\",\"item\":\"https:\/\/medexperience.net\/\"},{\"@type\":\"ListItem\",\"position\":2,\"name\":\"MedExperience SMART\"}]},{\"@type\":\"WebSite\",\"@id\":\"https:\/\/medexperience.net\/#website\",\"url\":\"https:\/\/medexperience.net\/\",\"name\":\"MedExperience\",\"description\":\"MedExperience\",\"potentialAction\":[{\"@type\":\"SearchAction\",\"target\":{\"@type\":\"EntryPoint\",\"urlTemplate\":\"https:\/\/medexperience.net\/?s={search_term_string}\"},\"query-input\":{\"@type\":\"PropertyValueSpecification\",\"valueRequired\":true,\"valueName\":\"search_term_string\"}}],\"inLanguage\":\"fr-FR\"}]}<\/script>\n<!-- \/ Yoast SEO plugin. -->","yoast_head_json":{"title":"MedExperience SMART - MedExperience","robots":{"index":"index","follow":"follow","max-snippet":"max-snippet:-1","max-image-preview":"max-image-preview:large","max-video-preview":"max-video-preview:-1"},"canonical":"https:\/\/medexperience.net\/medexperience-smart\/","og_locale":"fr_FR","og_type":"article","og_title":"MedExperience SMART - MedExperience","og_url":"https:\/\/medexperience.net\/medexperience-smart\/","og_site_name":"MedExperience","article_modified_time":"2022-11-02T21:24:34+00:00","twitter_card":"summary_large_image","twitter_misc":{"Dur\u00e9e de lecture estim\u00e9e":"2 minutes"},"schema":{"@context":"https:\/\/schema.org","@graph":[{"@type":"WebPage","@id":"https:\/\/medexperience.net\/medexperience-smart\/","url":"https:\/\/medexperience.net\/medexperience-smart\/","name":"MedExperience SMART - MedExperience","isPartOf":{"@id":"https:\/\/medexperience.net\/#website"},"datePublished":"2022-08-20T23:26:37+00:00","dateModified":"2022-11-02T21:24:34+00:00","breadcrumb":{"@id":"https:\/\/medexperience.net\/medexperience-smart\/#breadcrumb"},"inLanguage":"fr-FR","potentialAction":[{"@type":"ReadAction","target":["https:\/\/medexperience.net\/medexperience-smart\/"]}]},{"@type":"BreadcrumbList","@id":"https:\/\/medexperience.net\/medexperience-smart\/#breadcrumb","itemListElement":[{"@type":"ListItem","position":1,"name":"Home","item":"https:\/\/medexperience.net\/"},{"@type":"ListItem","position":2,"name":"MedExperience SMART"}]},{"@type":"WebSite","@id":"https:\/\/medexperience.net\/#website","url":"https:\/\/medexperience.net\/","name":"MedExperience","description":"MedExperience","potentialAction":[{"@type":"SearchAction","target":{"@type":"EntryPoint","urlTemplate":"https:\/\/medexperience.net\/?s={search_term_string}"},"query-input":{"@type":"PropertyValueSpecification","valueRequired":true,"valueName":"search_term_string"}}],"inLanguage":"fr-FR"}]}},"_links":{"self":[{"href":"https:\/\/medexperience.net\/fr\/wp-json\/wp\/v2\/pages\/311","targetHints":{"allow":["GET"]}}],"collection":[{"href":"https:\/\/medexperience.net\/fr\/wp-json\/wp\/v2\/pages"}],"about":[{"href":"https:\/\/medexperience.net\/fr\/wp-json\/wp\/v2\/types\/page"}],"author":[{"embeddable":true,"href":"https:\/\/medexperience.net\/fr\/wp-json\/wp\/v2\/users\/1"}],"replies":[{"embeddable":true,"href":"https:\/\/medexperience.net\/fr\/wp-json\/wp\/v2\/comments?post=311"}],"version-history":[{"count":9,"href":"https:\/\/medexperience.net\/fr\/wp-json\/wp\/v2\/pages\/311\/revisions"}],"predecessor-version":[{"id":855,"href":"https:\/\/medexperience.net\/fr\/wp-json\/wp\/v2\/pages\/311\/revisions\/855"}],"wp:attachment":[{"href":"https:\/\/medexperience.net\/fr\/wp-json\/wp\/v2\/media?parent=311"}],"curies":[{"name":"wp","href":"https:\/\/api.w.org\/{rel}","templated":true}]}}